{"id":6934,"date":"2016-04-04T02:59:46","date_gmt":"2016-04-03T23:59:46","guid":{"rendered":"http:\/\/burcuparke.com\/burcuparke\/urun\/veranda-ahsap-kompozit-deck\/"},"modified":"2016-04-04T03:02:31","modified_gmt":"2016-04-04T00:02:31","slug":"veranda-ahsap-kompozit-deck","status":"publish","type":"product","link":"https:\/\/burcuparke.com\/us\/urun\/veranda-ahsap-kompozit-deck\/","title":{"rendered":"Veranda Ah\u015fap Kompozit Deck"},"content":{"rendered":"<p>[vc_row][vc_column][vc_column_text]Masif parkede ya\u015fanan sorunlar bertaraf edilmi\u015ftir. Ortamdaki \u0131s\u0131 ve nem de\u011fi\u015fiklikleri neticesinde parkede \u015fekil bozukluklar\u0131 olu\u015fmaz ve busayede parke aralar\u0131nda a\u00e7\u0131lmalar ve zeminden kopmalar meydana gelmez. Yap\u0131\u015ft\u0131rma ve y\u00fczer sistem d\u00f6\u015femeye elveri\u015flidir. \u0130lk d\u00f6\u015femede sistre ve cila gerektirmez ve sonras\u0131nda masif parkeler gibi ayn\u0131 say\u0131da sistre cila yap\u0131labilir. Masif ve lamine parkelerde sistre yap\u0131labilir b\u00f6l\u00fcm parkelerin birbirlerine birle\u015fmesini sa\u011flayan lamba z\u0131vanan\u0131n \u00fcst\u00fcnde kalan yakla\u015f\u0131k 4mm lik b\u00f6l\u00fcmd\u00fcr. Bu b\u00f6l\u00fcm masif ve lamine parkelerde marka ve modele g\u00f6re de\u011fi\u015fiklik g\u00f6sterse de hemen hemen ayn\u0131d\u0131r. Lamine parke baz\u0131 a\u011fa\u00e7 cinsleri haricinde (kay\u0131n ve kanada ak\u00e7aa\u011fac\u0131 gibi) yerden \u0131s\u0131tmaya uygundur. Yerden \u0131s\u0131tma sistemlerde y\u00fczey \u0131s\u0131s\u0131 26-28 dereceyi a\u015fmamal\u0131d\u0131r. Bunun \u00fczerindeki \u0131s\u0131lar hem parkeleriniz ve evdeki di\u011fer ah\u015fap e\u015fyalar\u0131n\u0131z\u0131n, hem de sizin sa\u011fl\u0131\u011f\u0131n\u0131z i\u00e7in uygun de\u011fildir.[\/vc_column_text][\/vc_column][\/vc_row]<\/p>\n","protected":false},"excerpt":{"rendered":"<h3><strong>TEKN\u0130K\u00a0\u00d6ZELL\u0130KLER :<\/strong><\/h3>\n<table style=\"height: 264px;\" border=\"0\" width=\"644\">\n<tbody>\n<tr>\n<td><strong>Orijin :<\/strong><\/td>\n<td><\/td>\n<\/tr>\n<tr>\n<td>\u00a0<strong>Cinsi :<\/strong><\/td>\n<td>Kompozit Deck<\/td>\n<\/tr>\n<tr>\n<td><b>Brinell-sertlik\u00a0<\/b><strong>:<\/strong><\/td>\n<td><\/td>\n<\/tr>\n<tr>\n<td><b>Genle\u015fme Katsay\u0131s\u0131\u00a0<\/b><strong>:<\/strong><\/td>\n<td><\/td>\n<\/tr>\n<tr>\n<td><\/td>\n<td><\/td>\n<\/tr>\n<\/tbody>\n<\/table>\n<p><a href=\"#\" target=\"_blank\">[icon size=\"2x\" icon=\"file-pdf-o\"] Renk Katalogu indir &gt;&gt;<\/a><\/p>\n<p><a href=\"#\" target=\"_blank\">[icon size=\"2x\" icon=\"file-pdf-o\"] Teknik\u00a0Katalogu indir &gt;&gt;\u00a0<\/a><\/p>\n","protected":false},"featured_media":6935,"comment_status":"closed","ping_status":"closed","template":"","meta":[],"product_cat":[90],"product_tag":[],"aioseo_notices":[],"_links":{"self":[{"href":"https:\/\/burcuparke.com\/us\/wp-json\/wp\/v2\/product\/6934"}],"collection":[{"href":"https:\/\/burcuparke.com\/us\/wp-json\/wp\/v2\/product"}],"about":[{"href":"https:\/\/burcuparke.com\/us\/wp-json\/wp\/v2\/types\/product"}],"replies":[{"embeddable":true,"href":"https:\/\/burcuparke.com\/us\/wp-json\/wp\/v2\/comments?post=6934"}],"wp:featuredmedia":[{"embeddable":true,"href":"https:\/\/burcuparke.com\/us\/wp-json\/wp\/v2\/media\/6935"}],"wp:attachment":[{"href":"https:\/\/burcuparke.com\/us\/wp-json\/wp\/v2\/media?parent=6934"}],"wp:term":[{"taxonomy":"product_cat","embeddable":true,"href":"https:\/\/burcuparke.com\/us\/wp-json\/wp\/v2\/product_cat?post=6934"},{"taxonomy":"product_tag","embeddable":true,"href":"https:\/\/burcuparke.com\/us\/wp-json\/wp\/v2\/product_tag?post=6934"}],"curies":[{"name":"wp","href":"https:\/\/api.w.org\/{rel}","templated":true}]}}