{"id":6584,"date":"2016-04-03T21:17:57","date_gmt":"2016-04-03T18:17:57","guid":{"rendered":"http:\/\/burcuparke.com\/burcuparke\/urun\/venge-lamine-parke\/"},"modified":"2016-04-03T21:21:00","modified_gmt":"2016-04-03T18:21:00","slug":"venge-lamine-parke","status":"publish","type":"product","link":"https:\/\/burcuparke.com\/us\/urun\/venge-lamine-parke\/","title":{"rendered":"Venge Lamine Parke"},"content":{"rendered":"<p>[vc_row][vc_column][vc_column_text]<\/p>\n<div id=\"content\">\n<div class=\"product-info\">\n<div class=\"center\">\n<div class=\"description\">\n<div id=\"content\">\n<div class=\"product-info\">\n<div class=\"center\">\n<div class=\"description\">\n<div id=\"content\">\n<div class=\"product-info\">\n<div class=\"center\">\n<div class=\"description\">\n<p class=\"ecxMsoNormal\"><strong>Venge Lamine Parke<\/strong><\/p>\n<p class=\"ecxMsoNormal\">Wenge siyah\u0131 and\u0131ran \u00e7ok koyu bir renge sahiptir. G\u00f6zenekleri, kesimi y\u00f6n\u00fcnde \u00e7ok belirgindir. Sa\u011flam, estetik ve darbelere kar\u015f\u0131 dayan\u0131kl\u0131 bir a\u011fa\u00e7t\u0131r. Me\u015feden %30 daha serttir.<\/p>\n<\/div>\n<\/div>\n<\/div>\n<\/div>\n<\/div>\n<\/div>\n<\/div>\n<\/div>\n<\/div>\n<\/div>\n<\/div>\n<\/div>\n<p>[\/vc_column_text][\/vc_column][\/vc_row]<\/p>\n","protected":false},"excerpt":{"rendered":"<h3><strong>TEKN\u0130K\u00a0\u00d6ZELL\u0130KLER :<\/strong><\/h3>\n<table style=\"height: 264px;\" border=\"0\" width=\"644\">\n<tbody>\n<tr>\n<td><strong>Orijin :<\/strong><\/td>\n<td>Kamerun,Kongo ve Tanzanya<\/td>\n<\/tr>\n<tr>\n<td>\u00a0<strong>Cinsi :<\/strong><\/td>\n<td>Lamine Parke<\/td>\n<\/tr>\n<tr>\n<td><b>Brinell-sertlik\u00a0<\/b><strong>:<\/strong><\/td>\n<td>\u00a034,4<\/td>\n<\/tr>\n<tr>\n<td><b>Genle\u015fme Katsay\u0131s\u0131\u00a0<\/b><strong>:<\/strong><\/td>\n<td>\u00a00,28<\/td>\n<\/tr>\n<tr>\n<td><b>Ah\u015fab\u0131n neme adaptasyon h\u0131z\u0131 <\/b><strong>:<\/strong><\/td>\n<td>\u00a0\u00c7ok yava\u015f<\/td>\n<\/tr>\n<\/tbody>\n<\/table>\n<p><a href=\"#\" target=\"_blank\">[icon size=\"2x\" icon=\"file-pdf-o\"] Renk Katalogu indir &gt;&gt;<\/a><\/p>\n<p><a href=\"#\" target=\"_blank\">[icon size=\"2x\" icon=\"file-pdf-o\"] Teknik\u00a0Katalogu indir &gt;&gt;\u00a0<\/a><\/p>\n","protected":false},"featured_media":6585,"comment_status":"closed","ping_status":"closed","template":"","meta":[],"product_cat":[66],"product_tag":[],"aioseo_notices":[],"_links":{"self":[{"href":"https:\/\/burcuparke.com\/us\/wp-json\/wp\/v2\/product\/6584"}],"collection":[{"href":"https:\/\/burcuparke.com\/us\/wp-json\/wp\/v2\/product"}],"about":[{"href":"https:\/\/burcuparke.com\/us\/wp-json\/wp\/v2\/types\/product"}],"replies":[{"embeddable":true,"href":"https:\/\/burcuparke.com\/us\/wp-json\/wp\/v2\/comments?post=6584"}],"wp:featuredmedia":[{"embeddable":true,"href":"https:\/\/burcuparke.com\/us\/wp-json\/wp\/v2\/media\/6585"}],"wp:attachment":[{"href":"https:\/\/burcuparke.com\/us\/wp-json\/wp\/v2\/media?parent=6584"}],"wp:term":[{"taxonomy":"product_cat","embeddable":true,"href":"https:\/\/burcuparke.com\/us\/wp-json\/wp\/v2\/product_cat?post=6584"},{"taxonomy":"product_tag","embeddable":true,"href":"https:\/\/burcuparke.com\/us\/wp-json\/wp\/v2\/product_tag?post=6584"}],"curies":[{"name":"wp","href":"https:\/\/api.w.org\/{rel}","templated":true}]}}