{"id":6442,"date":"2016-04-02T11:45:22","date_gmt":"2016-04-02T08:45:22","guid":{"rendered":"http:\/\/burcuparke.com\/burcuparke\/urun\/teak-lamine-parke\/"},"modified":"2016-04-02T11:52:55","modified_gmt":"2016-04-02T08:52:55","slug":"teak-lamine-parke","status":"publish","type":"product","link":"https:\/\/burcuparke.com\/us\/urun\/teak-lamine-parke\/","title":{"rendered":"Teak Lamine Parke"},"content":{"rendered":"<p>[vc_row][vc_column][vc_column_text]<\/p>\n<div id=\"content\">\n<div class=\"product-info\">\n<div class=\"center\">\n<div class=\"description\">\n<p><strong><span style=\"line-height: 1.5;\">Teak\u00a0Lamine Parke<\/span><\/strong><\/p>\n<div id=\"content\">\n<div class=\"product-info\">\n<div class=\"center\">\n<div class=\"description\">\n<p class=\"ecxMsoNormal\">Orta derece g\u00fc\u00e7, cila kabul eder. Bilinen en k\u0131ymetli a\u011fa\u00e7lardand\u0131r. Ancak i\u00e7 mekanlarda de\u011fil genel plarak suyu \u00e7ok rahat kabul etmesinden dplay\u0131 d\u0131\u015f mekan parkesi(Deck) olarak kullan\u0131l\u0131r<\/p>\n<\/div>\n<\/div>\n<\/div>\n<\/div>\n<\/div>\n<\/div>\n<\/div>\n<\/div>\n<p>[\/vc_column_text][\/vc_column][\/vc_row]<\/p>\n","protected":false},"excerpt":{"rendered":"<h3><strong>TEKN\u0130K\u00a0\u00d6ZELL\u0130KLER :<\/strong><\/h3>\n<table style=\"height: 264px;\" border=\"0\" width=\"644\">\n<tbody>\n<tr>\n<td><strong>Orijin :<\/strong><\/td>\n<td>G\u00fcneydo\u011fu Asya, Hindistan, Burma<\/td>\n<\/tr>\n<tr>\n<td>\u00a0<strong>Cinsi :<\/strong><\/td>\n<td>Lamine Parke<\/td>\n<\/tr>\n<tr>\n<td><b>Renk <\/b><strong>:<\/strong><\/td>\n<td>Sar\u0131ms\u0131 kahverengi, koyu kahverengi ve\u00a0siyah \u015feritli<\/td>\n<\/tr>\n<tr>\n<td><b>Lif :<\/b><\/td>\n<td>D\u00fczg\u00fcn, bazen dalgal\u0131<\/td>\n<\/tr>\n<tr>\n<td><strong><b>Damar\u00a0<\/b>:<\/strong><\/td>\n<td>\n<div id=\"content\">\n<div class=\"product-info\">\n<div class=\"center\">\n<div class=\"description\">\n<p class=\"ecxMsoNormal\">Y\u0131ll\u0131k halkalar belirgin<\/p>\n<\/div>\n<\/div>\n<\/div>\n<\/div>\n<\/td>\n<\/tr>\n<tr>\n<td><b>Kesme :<\/b><\/td>\n<td>\u00c7ok zor<\/td>\n<\/tr>\n<tr>\n<td><b>Yap\u0131\u015ft\u0131rma:<\/b><\/td>\n<td>\u00c7ok iyi<\/td>\n<\/tr>\n<tr>\n<td><b>\u00c7al\u0131\u015fma:<\/b><\/td>\n<td>\u00c7al\u0131\u015fma riski yok denecek kadar az<\/td>\n<\/tr>\n<tr>\n<td><b>E\u011filme :<\/b><\/td>\n<td>Orta<\/td>\n<\/tr>\n<tr>\n<td><b>Son \u0130\u015flem:<\/b><\/td>\n<td>Orta derece g\u00fc\u00e7, cila kabul eder. Bilinen en k\u0131ymetli a\u011fa\u00e7lardand\u0131r. Ancak i\u00e7 mekanlarda de\u011fil genel plarak suyu \u00e7ok rahat kabul etmesinden dplay\u0131 d\u0131\u015f mekan parkesi(Deck) olarak kullan\u0131l\u0131r<\/td>\n<\/tr>\n<\/tbody>\n<\/table>\n<p><a href=\"#\" target=\"_blank\">[icon size=\"2x\" icon=\"file-pdf-o\"] Renk Katalogu indir &gt;&gt;<\/a><\/p>\n<p><a href=\"#\" target=\"_blank\">[icon size=\"2x\" icon=\"file-pdf-o\"] Teknik\u00a0Katalogu indir &gt;&gt;\u00a0<\/a><\/p>\n","protected":false},"featured_media":6443,"comment_status":"closed","ping_status":"closed","template":"","meta":[],"product_cat":[66],"product_tag":[],"aioseo_notices":[],"_links":{"self":[{"href":"https:\/\/burcuparke.com\/us\/wp-json\/wp\/v2\/product\/6442"}],"collection":[{"href":"https:\/\/burcuparke.com\/us\/wp-json\/wp\/v2\/product"}],"about":[{"href":"https:\/\/burcuparke.com\/us\/wp-json\/wp\/v2\/types\/product"}],"replies":[{"embeddable":true,"href":"https:\/\/burcuparke.com\/us\/wp-json\/wp\/v2\/comments?post=6442"}],"wp:featuredmedia":[{"embeddable":true,"href":"https:\/\/burcuparke.com\/us\/wp-json\/wp\/v2\/media\/6443"}],"wp:attachment":[{"href":"https:\/\/burcuparke.com\/us\/wp-json\/wp\/v2\/media?parent=6442"}],"wp:term":[{"taxonomy":"product_cat","embeddable":true,"href":"https:\/\/burcuparke.com\/us\/wp-json\/wp\/v2\/product_cat?post=6442"},{"taxonomy":"product_tag","embeddable":true,"href":"https:\/\/burcuparke.com\/us\/wp-json\/wp\/v2\/product_tag?post=6442"}],"curies":[{"name":"wp","href":"https:\/\/api.w.org\/{rel}","templated":true}]}}