{"id":6441,"date":"2016-04-01T10:35:46","date_gmt":"2016-04-01T07:35:46","guid":{"rendered":"http:\/\/burcuparke.com\/burcuparke\/urun\/ceviz-lamine-parke\/"},"modified":"2016-04-01T10:37:20","modified_gmt":"2016-04-01T07:37:20","slug":"ceviz-lamine-parke","status":"publish","type":"product","link":"https:\/\/burcuparke.com\/us\/urun\/ceviz-lamine-parke\/","title":{"rendered":"Ceviz Lamine Parke"},"content":{"rendered":"<p>[vc_row][vc_column][vc_column_text]<\/p>\n<div id=\"content\">\n<div class=\"product-info\">\n<div class=\"center\">\n<div class=\"description\">\n<p><strong><span style=\"line-height: 1.5;\">Ceviz Lamine Parke<\/span><\/strong><\/p>\n<div id=\"content\">\n<div class=\"product-info\">\n<div class=\"center\">\n<div class=\"description\">\n<p class=\"ecxMsoNormal\">Bambu a\u00e7\u0131k sar\u0131ms\u0131-beyaz bir renge sahiptir.\u00d6zel bir tak\u0131m i\u015flemlerden ge\u00e7irildikten sonra \u00e7ok sa\u011flam bir zemin kaplamas\u0131 haline d\u00f6n\u00fc\u015f\u00fcr.Sertli\u011fi me\u015fe ile e\u015fde\u011ferdir.<\/p>\n<\/div>\n<\/div>\n<\/div>\n<\/div>\n<\/div>\n<\/div>\n<\/div>\n<\/div>\n<p>[\/vc_column_text][\/vc_column][\/vc_row]<\/p>\n","protected":false},"excerpt":{"rendered":"<h3><strong>TEKN\u0130K\u00a0\u00d6ZELL\u0130KLER :<\/strong><\/h3>\n<table style=\"height: 264px;\" border=\"0\" width=\"644\">\n<tbody>\n<tr>\n<td><strong>Orijin :<\/strong><\/td>\n<td>\u00c7in<\/td>\n<\/tr>\n<tr>\n<td>\u00a0<strong>Cinsi :<\/strong><\/td>\n<td>Lamine Parke<\/td>\n<\/tr>\n<tr>\n<td><b>Brinell-sertlik\u00a0<\/b><strong>:<\/strong><\/td>\n<td>38,5<\/td>\n<\/tr>\n<tr>\n<td><\/td>\n<td><\/td>\n<\/tr>\n<tr>\n<td><b>Ah\u015fab\u0131n neme adaptasyon h\u0131z\u0131 <\/b><strong>:<\/strong><\/td>\n<td>\n<div id=\"content\">\n<div class=\"product-info\">\n<div class=\"center\">\n<div class=\"description\">\n<p class=\"ecxMsoNormal\">Bambu a\u00e7\u0131k sar\u0131ms\u0131-beyaz bir renge sahiptir.\u00d6zel bir tak\u0131m i\u015flemlerden ge\u00e7irildikten sonra \u00e7ok sa\u011flam bir zemin kaplamas\u0131 haline d\u00f6n\u00fc\u015f\u00fcr.Sertli\u011fi me\u015fe ile e\u015fde\u011ferdir.<\/p>\n<\/div>\n<\/div>\n<\/div>\n<\/div>\n<\/td>\n<\/tr>\n<\/tbody>\n<\/table>\n<p><a href=\"#\" target=\"_blank\">[icon size=\"2x\" icon=\"file-pdf-o\"] Renk Katalogu indir &gt;&gt;<\/a><\/p>\n<p><a href=\"#\" target=\"_blank\">[icon size=\"2x\" icon=\"file-pdf-o\"] Teknik\u00a0Katalogu indir &gt;&gt;\u00a0<\/a><\/p>\n","protected":false},"featured_media":6435,"comment_status":"closed","ping_status":"closed","template":"","meta":[],"product_cat":[66],"product_tag":[],"aioseo_notices":[],"_links":{"self":[{"href":"https:\/\/burcuparke.com\/us\/wp-json\/wp\/v2\/product\/6441"}],"collection":[{"href":"https:\/\/burcuparke.com\/us\/wp-json\/wp\/v2\/product"}],"about":[{"href":"https:\/\/burcuparke.com\/us\/wp-json\/wp\/v2\/types\/product"}],"replies":[{"embeddable":true,"href":"https:\/\/burcuparke.com\/us\/wp-json\/wp\/v2\/comments?post=6441"}],"wp:featuredmedia":[{"embeddable":true,"href":"https:\/\/burcuparke.com\/us\/wp-json\/wp\/v2\/media\/6435"}],"wp:attachment":[{"href":"https:\/\/burcuparke.com\/us\/wp-json\/wp\/v2\/media?parent=6441"}],"wp:term":[{"taxonomy":"product_cat","embeddable":true,"href":"https:\/\/burcuparke.com\/us\/wp-json\/wp\/v2\/product_cat?post=6441"},{"taxonomy":"product_tag","embeddable":true,"href":"https:\/\/burcuparke.com\/us\/wp-json\/wp\/v2\/product_tag?post=6441"}],"curies":[{"name":"wp","href":"https:\/\/api.w.org\/{rel}","templated":true}]}}