{"id":6438,"date":"2016-04-01T10:27:42","date_gmt":"2016-04-01T07:27:42","guid":{"rendered":"http:\/\/burcuparke.com\/burcuparke\/urun\/3-strip-merbau\/"},"modified":"2016-04-01T10:30:14","modified_gmt":"2016-04-01T07:30:14","slug":"3-strip-merbau","status":"publish","type":"product","link":"https:\/\/burcuparke.com\/us\/urun\/3-strip-merbau\/","title":{"rendered":"3 Strip Merbau"},"content":{"rendered":"<p>[vc_row][vc_column][vc_column_text]<\/p>\n<div id=\"content\">\n<div class=\"product-info\">\n<div class=\"center\">\n<div class=\"description\">\n<p><strong><span style=\"line-height: 1.5;\">3 Strip Merbau<\/span><\/strong><\/p>\n<p>Merbau a\u00e7\u0131k kahverengiden k\u0131z\u0131l\u0131ms\u0131-kahverengiye \u00e7alan bir renge d\u00f6n\u00fc\u015f\u00fcr. G\u00f6zenekli bir yap\u0131ya sahiptir ve en uzun \u00f6m\u00fcrl\u00fc a\u011fa\u00e7lardan bir tanesidir.Me\u015feden %30 daha serttir.<\/p>\n<\/div>\n<\/div>\n<\/div>\n<\/div>\n<p>[\/vc_column_text][\/vc_column][\/vc_row]<\/p>\n","protected":false},"excerpt":{"rendered":"<h3><strong>TEKN\u0130K\u00a0\u00d6ZELL\u0130KLER :<\/strong><\/h3>\n<table style=\"height: 264px;\" border=\"0\" width=\"644\">\n<tbody>\n<tr>\n<td><strong>Orijin :<\/strong><\/td>\n<td>\u00a0Endonezya ve Malezya<\/td>\n<\/tr>\n<tr>\n<td>\u00a0<strong>Cinsi :<\/strong><\/td>\n<td>Lamine Parke<\/td>\n<\/tr>\n<tr>\n<td><b>Brinell-sertlik\u00a0<\/b><strong>:<\/strong><\/td>\n<td>\u00a033,2<\/td>\n<\/tr>\n<tr>\n<td><b>Genle\u015fme Katsay\u0131s\u0131\u00a0<\/b><strong>:<\/strong><\/td>\n<td>\u00a00,20<\/td>\n<\/tr>\n<tr>\n<td><b>Ah\u015fab\u0131n neme adaptasyon h\u0131z\u0131 <\/b><strong>:<\/strong><\/td>\n<td>\u00a0\u00c7ok Yava\u015f.\u00a0Merbau a\u00e7\u0131k kahverengiden k\u0131z\u0131l\u0131ms\u0131-kahverengiye \u00e7alan bir renge d\u00f6n\u00fc\u015f\u00fcr. G\u00f6zenekli bir yap\u0131ya sahiptir ve en uzun \u00f6m\u00fcrl\u00fc a\u011fa\u00e7lardan bir tanesidir.Me\u015feden %30 daha serttir.<\/td>\n<\/tr>\n<\/tbody>\n<\/table>\n<p><a href=\"#\" target=\"_blank\">[icon size=\"2x\" icon=\"file-pdf-o\"] Renk Katalogu indir &gt;&gt;<\/a><\/p>\n<p><a href=\"#\" target=\"_blank\">[icon size=\"2x\" icon=\"file-pdf-o\"] Teknik\u00a0Katalogu indir &gt;&gt;\u00a0<\/a><\/p>\n","protected":false},"featured_media":6431,"comment_status":"closed","ping_status":"closed","template":"","meta":[],"product_cat":[66],"product_tag":[],"aioseo_notices":[],"_links":{"self":[{"href":"https:\/\/burcuparke.com\/us\/wp-json\/wp\/v2\/product\/6438"}],"collection":[{"href":"https:\/\/burcuparke.com\/us\/wp-json\/wp\/v2\/product"}],"about":[{"href":"https:\/\/burcuparke.com\/us\/wp-json\/wp\/v2\/types\/product"}],"replies":[{"embeddable":true,"href":"https:\/\/burcuparke.com\/us\/wp-json\/wp\/v2\/comments?post=6438"}],"wp:featuredmedia":[{"embeddable":true,"href":"https:\/\/burcuparke.com\/us\/wp-json\/wp\/v2\/media\/6431"}],"wp:attachment":[{"href":"https:\/\/burcuparke.com\/us\/wp-json\/wp\/v2\/media?parent=6438"}],"wp:term":[{"taxonomy":"product_cat","embeddable":true,"href":"https:\/\/burcuparke.com\/us\/wp-json\/wp\/v2\/product_cat?post=6438"},{"taxonomy":"product_tag","embeddable":true,"href":"https:\/\/burcuparke.com\/us\/wp-json\/wp\/v2\/product_tag?post=6438"}],"curies":[{"name":"wp","href":"https:\/\/api.w.org\/{rel}","templated":true}]}}