{"id":6221,"date":"2016-03-29T18:38:32","date_gmt":"2016-03-29T15:38:32","guid":{"rendered":"http:\/\/burcuparke.com\/burcuparke\/urun\/impertek-supporti-yukseltilmis-doseme-ayaklari-18\/"},"modified":"2016-03-29T18:38:59","modified_gmt":"2016-03-29T15:38:59","slug":"impertek-supporti-yukseltilmis-doseme-ayaklari-18","status":"publish","type":"product","link":"https:\/\/burcuparke.com\/us\/urun\/impertek-supporti-yukseltilmis-doseme-ayaklari-18\/","title":{"rendered":"Impertek Supporti Y\u00fckseltilmi\u015f D\u00f6\u015feme Ayaklar\u0131 18"},"content":{"rendered":"<p>[vc_row][vc_column][vc_column_text]<\/p>\n<div id=\"content\">\n<div class=\"product-info\">\n<div class=\"center\">\n<div class=\"description\">\n<p><span style=\"line-height: 1.5;\">Impertek Supporti Y\u00fckseltilmi\u015f D\u00f6\u015feme Ayaklar\u0131\u00a0<\/span><\/p>\n<\/div>\n<\/div>\n<\/div>\n<\/div>\n<p>[\/vc_column_text][\/vc_column][\/vc_row]<\/p>\n","protected":false},"excerpt":{"rendered":"<h3><strong>TEKN\u0130K\u00a0\u00d6ZELL\u0130KLER :<\/strong><\/h3>\n<table style=\"height: 264px;\" border=\"0\" width=\"644\">\n<tbody>\n<tr>\n<td><strong>Orijin :<\/strong><\/td>\n<td><\/td>\n<\/tr>\n<tr>\n<td>\u00a0<strong>Cinsi :<\/strong><\/td>\n<td>Impertek Supporti Y\u00fckseltilmi\u015f D\u00f6\u015feme Ayaklar\u0131<\/td>\n<\/tr>\n<tr>\n<td><b>Brinell-sertlik\u00a0<\/b><strong>:<\/strong><\/td>\n<td><\/td>\n<\/tr>\n<tr>\n<td><b>Genle\u015fme Katsay\u0131s\u0131\u00a0<\/b><strong>:<\/strong><\/td>\n<td><\/td>\n<\/tr>\n<tr>\n<td><b>Ah\u015fab\u0131n neme adaptasyon h\u0131z\u0131 <\/b><strong>:<\/strong><\/td>\n<td><\/td>\n<\/tr>\n<\/tbody>\n<\/table>\n<p><a href=\"#\" target=\"_blank\">[icon size=\"2x\" icon=\"file-pdf-o\"] Renk Katalogu indir &gt;&gt;<\/a><\/p>\n<p><a href=\"#\" target=\"_blank\">[icon size=\"2x\" icon=\"file-pdf-o\"] Teknik\u00a0Katalogu indir &gt;&gt;\u00a0<\/a><\/p>\n","protected":false},"featured_media":6179,"comment_status":"closed","ping_status":"closed","template":"","meta":[],"product_cat":[89],"product_tag":[],"aioseo_notices":[],"_links":{"self":[{"href":"https:\/\/burcuparke.com\/us\/wp-json\/wp\/v2\/product\/6221"}],"collection":[{"href":"https:\/\/burcuparke.com\/us\/wp-json\/wp\/v2\/product"}],"about":[{"href":"https:\/\/burcuparke.com\/us\/wp-json\/wp\/v2\/types\/product"}],"replies":[{"embeddable":true,"href":"https:\/\/burcuparke.com\/us\/wp-json\/wp\/v2\/comments?post=6221"}],"wp:featuredmedia":[{"embeddable":true,"href":"https:\/\/burcuparke.com\/us\/wp-json\/wp\/v2\/media\/6179"}],"wp:attachment":[{"href":"https:\/\/burcuparke.com\/us\/wp-json\/wp\/v2\/media?parent=6221"}],"wp:term":[{"taxonomy":"product_cat","embeddable":true,"href":"https:\/\/burcuparke.com\/us\/wp-json\/wp\/v2\/product_cat?post=6221"},{"taxonomy":"product_tag","embeddable":true,"href":"https:\/\/burcuparke.com\/us\/wp-json\/wp\/v2\/product_tag?post=6221"}],"curies":[{"name":"wp","href":"https:\/\/api.w.org\/{rel}","templated":true}]}}