{"id":6156,"date":"2016-03-29T17:23:19","date_gmt":"2016-03-29T14:23:19","guid":{"rendered":"http:\/\/burcuparke.com\/burcuparke\/urun\/cezayirde-support-uygulamasi\/"},"modified":"2016-03-29T17:31:00","modified_gmt":"2016-03-29T14:31:00","slug":"cezayirde-support-uygulamasi","status":"publish","type":"product","link":"https:\/\/burcuparke.com\/us\/urun\/cezayirde-support-uygulamasi\/","title":{"rendered":"Cezayir&#8217;de Support Uygulamas\u0131"},"content":{"rendered":"<p>[vc_row][vc_column][vc_column_text]<\/p>\n<div id=\"content\">\n<div class=\"product-info\">\n<div class=\"center\">\n<div class=\"description\">\n<p><strong>Cezayir&#8217;de Support Uygulamas\u0131<\/strong><\/p>\n<p>Cezayir&#8217;de \u00fclkenin en b\u00fcy\u00fck camisi olan Ibn Badis-La Grande Mosquee&#8217;un d\u0131\u015f mekan mermer ve granit zeminleri Impertek Support y\u00fckseltilmi\u015f d\u00f6\u015feme ayaklar\u0131 ile Burcu Zemin taraf\u0131ndan ger\u00e7ekle\u015ftirildi.<\/p>\n<\/div>\n<\/div>\n<\/div>\n<\/div>\n<p>[\/vc_column_text][\/vc_column][\/vc_row]<\/p>\n","protected":false},"excerpt":{"rendered":"<h3><strong>TEKN\u0130K\u00a0\u00d6ZELL\u0130KLER :<\/strong><\/h3>\n<table style=\"height: 264px;\" border=\"0\" width=\"644\">\n<tbody>\n<tr>\n<td><strong>Orijin :<\/strong><\/td>\n<td><\/td>\n<\/tr>\n<tr>\n<td>\u00a0<strong>Cinsi :<\/strong><\/td>\n<td>Impertek Supporti Y\u00fckseltilmi\u015f D\u00f6\u015feme Ayaklar\u0131<\/td>\n<\/tr>\n<tr>\n<td><b>Brinell-sertlik\u00a0<\/b><strong>:<\/strong><\/td>\n<td><\/td>\n<\/tr>\n<tr>\n<td><b>Genle\u015fme Katsay\u0131s\u0131\u00a0<\/b><strong>:<\/strong><\/td>\n<td><\/td>\n<\/tr>\n<tr>\n<td><b>Ah\u015fab\u0131n neme adaptasyon h\u0131z\u0131 <\/b><strong>:<\/strong><\/td>\n<td><\/td>\n<\/tr>\n<\/tbody>\n<\/table>\n<p><a href=\"#\" target=\"_blank\">[icon size=\"2x\" icon=\"file-pdf-o\"] Renk Katalogu indir &gt;&gt;<\/a><\/p>\n<p><a href=\"#\" target=\"_blank\">[icon size=\"2x\" icon=\"file-pdf-o\"] Teknik\u00a0Katalogu indir &gt;&gt;\u00a0<\/a><\/p>\n","protected":false},"featured_media":6157,"comment_status":"closed","ping_status":"closed","template":"","meta":[],"product_cat":[89],"product_tag":[],"aioseo_notices":[],"_links":{"self":[{"href":"https:\/\/burcuparke.com\/us\/wp-json\/wp\/v2\/product\/6156"}],"collection":[{"href":"https:\/\/burcuparke.com\/us\/wp-json\/wp\/v2\/product"}],"about":[{"href":"https:\/\/burcuparke.com\/us\/wp-json\/wp\/v2\/types\/product"}],"replies":[{"embeddable":true,"href":"https:\/\/burcuparke.com\/us\/wp-json\/wp\/v2\/comments?post=6156"}],"wp:featuredmedia":[{"embeddable":true,"href":"https:\/\/burcuparke.com\/us\/wp-json\/wp\/v2\/media\/6157"}],"wp:attachment":[{"href":"https:\/\/burcuparke.com\/us\/wp-json\/wp\/v2\/media?parent=6156"}],"wp:term":[{"taxonomy":"product_cat","embeddable":true,"href":"https:\/\/burcuparke.com\/us\/wp-json\/wp\/v2\/product_cat?post=6156"},{"taxonomy":"product_tag","embeddable":true,"href":"https:\/\/burcuparke.com\/us\/wp-json\/wp\/v2\/product_tag?post=6156"}],"curies":[{"name":"wp","href":"https:\/\/api.w.org\/{rel}","templated":true}]}}