{"id":5982,"date":"2016-03-29T11:49:29","date_gmt":"2016-03-29T08:49:29","guid":{"rendered":"http:\/\/burcuparke.com\/burcuparke\/urun\/18mm-vernikl-mese\/"},"modified":"2016-03-29T11:59:49","modified_gmt":"2016-03-29T08:59:49","slug":"18mm-vernikl-mese","status":"publish","type":"product","link":"https:\/\/burcuparke.com\/us\/urun\/18mm-vernikl-mese\/","title":{"rendered":"180mm Vernikli Me\u015fe"},"content":{"rendered":"<p>[vc_row][vc_column][vc_column_text]<\/p>\n<div id=\"content\">\n<div class=\"product-info\">\n<div class=\"center\">\n<div class=\"description\">\n<p><strong>180mm Vernikli Me\u015fe<\/strong><\/p>\n<p>E\u015fsiz dokusu ve s\u0131cak rengi ile me\u015fe parke, ger\u00e7ek ah\u015fab\u0131n \u00e7ekicili\u011fini en iyi \u015fekilde yans\u0131t\u0131r.<\/p>\n<p class=\"ecxMsoNormal\">D\u00fcnyan\u0131n en sert a\u011fa\u00e7lar\u0131ndan biri olarak bilinen me\u015fe, s\u00fcreklili\u011fi olan, zamanla olgunla\u015fan ve renk derinli\u011fi kazanan bir yap\u0131ya sahiptir.<\/p>\n<p class=\"ecxMsoNormal\">Me\u015fe Parke, i\u015f yerleri, spor salonlar\u0131 ve konutlarda \u00f6ncelikle tercih edilen bir zemin d\u00f6\u015feme malzemesidir<\/p>\n<\/div>\n<\/div>\n<\/div>\n<\/div>\n<p>[\/vc_column_text][\/vc_column][\/vc_row]<\/p>\n","protected":false},"excerpt":{"rendered":"<h3><strong>TEKN\u0130K\u00a0\u00d6ZELL\u0130KLER :<\/strong><\/h3>\n<table style=\"height: 344px;\" border=\"0\" width=\"637\">\n<tbody>\n<tr>\n<td><strong>Orijin :<\/strong><\/td>\n<td><\/td>\n<\/tr>\n<tr>\n<td>\u00a0<strong>Cinsi :<\/strong><\/td>\n<td>Lamine Parke<\/td>\n<\/tr>\n<tr>\n<td><b>Brinell-sertlik\u00a0<\/b><strong>:<\/strong><\/td>\n<td><\/td>\n<\/tr>\n<tr>\n<td><b>Genle\u015fme Katsay\u0131s\u0131\u00a0<\/b><strong>:<\/strong><\/td>\n<td><\/td>\n<\/tr>\n<tr>\n<td><b>Ah\u015fab\u0131n neme adaptasyon h\u0131z\u0131 <\/b><strong>:<\/strong><\/td>\n<td>&nbsp;<\/p>\n<div id=\"content\"><\/div>\n<\/td>\n<\/tr>\n<\/tbody>\n<\/table>\n<p><a href=\"#\" target=\"_blank\">[icon size=\"2x\" icon=\"file-pdf-o\"] Renk Katalogu indir &gt;&gt;<\/a><\/p>\n<p><a href=\"#\" target=\"_blank\">[icon size=\"2x\" icon=\"file-pdf-o\"] Teknik\u00a0Katalogu indir &gt;&gt;\u00a0<\/a><\/p>\n","protected":false},"featured_media":5983,"comment_status":"closed","ping_status":"closed","template":"","meta":[],"product_cat":[66],"product_tag":[],"aioseo_notices":[],"_links":{"self":[{"href":"https:\/\/burcuparke.com\/us\/wp-json\/wp\/v2\/product\/5982"}],"collection":[{"href":"https:\/\/burcuparke.com\/us\/wp-json\/wp\/v2\/product"}],"about":[{"href":"https:\/\/burcuparke.com\/us\/wp-json\/wp\/v2\/types\/product"}],"replies":[{"embeddable":true,"href":"https:\/\/burcuparke.com\/us\/wp-json\/wp\/v2\/comments?post=5982"}],"wp:featuredmedia":[{"embeddable":true,"href":"https:\/\/burcuparke.com\/us\/wp-json\/wp\/v2\/media\/5983"}],"wp:attachment":[{"href":"https:\/\/burcuparke.com\/us\/wp-json\/wp\/v2\/media?parent=5982"}],"wp:term":[{"taxonomy":"product_cat","embeddable":true,"href":"https:\/\/burcuparke.com\/us\/wp-json\/wp\/v2\/product_cat?post=5982"},{"taxonomy":"product_tag","embeddable":true,"href":"https:\/\/burcuparke.com\/us\/wp-json\/wp\/v2\/product_tag?post=5982"}],"curies":[{"name":"wp","href":"https:\/\/api.w.org\/{rel}","templated":true}]}}