{"id":5969,"date":"2016-03-29T11:05:00","date_gmt":"2016-03-29T08:05:00","guid":{"rendered":"http:\/\/burcuparke.com\/burcuparke\/urun\/sapelli-masif-parke-2\/"},"modified":"2016-10-08T15:37:16","modified_gmt":"2016-10-08T12:37:16","slug":"sapelli-masif-parke-2","status":"publish","type":"product","link":"https:\/\/burcuparke.com\/us\/urun\/sapelli-masif-parke-2\/","title":{"rendered":"Sapelli Masif Parke"},"content":{"rendered":"<p>[vc_row][vc_column][vc_column_text]<\/p>\n<div id=\"content\">\n<div class=\"product-info\">\n<div class=\"center\">\n<div class=\"description\">\n<p><strong>Sapelli Masif Parke<\/strong><\/p>\n<p>Sapelli Parke&#8217;nin egzotik bir g\u00fczelli\u011fe sahiptir. Dalgal\u0131 y\u00fczey yap\u0131s\u0131 ile ince dokulu bir a\u011fa\u00e7 olan sapelli zeminde se\u00e7kin bir g\u00f6r\u00fcn\u00fcme sahiptir.<\/p>\n<p>Yo\u011fun \u0131\u015f\u0131\u011fa maruz kald\u0131\u011f\u0131nda hafif renk de\u011fi\u015ftirme \u00f6zelli\u011fine sahiptir. Kendi i\u00e7inde zengin renk tonlamalar\u0131na sahip olan sapelli parke bu \u00f6zelli\u011fi sayesinde zaman i\u00e7inde olu\u015fabilecek y\u0131pranma belirtilerini gizler.<\/p>\n<\/div>\n<\/div>\n<\/div>\n<\/div>\n<p>[\/vc_column_text][\/vc_column][\/vc_row]<\/p>\n","protected":false},"excerpt":{"rendered":"<h3><strong>TEKN\u0130K\u00a0\u00d6ZELL\u0130KLER :<\/strong><\/h3>\n<table style=\"height: 344px;\" border=\"0\" width=\"637\">\n<tbody>\n<tr>\n<td><strong>Orijin :<\/strong><\/td>\n<td><\/td>\n<\/tr>\n<tr>\n<td>\u00a0<strong>Cinsi :<\/strong><\/td>\n<td>Lamine Parke<\/td>\n<\/tr>\n<tr>\n<td><b>Brinell-sertlik\u00a0<\/b><strong>:<\/strong><\/td>\n<td><\/td>\n<\/tr>\n<tr>\n<td><b>Genle\u015fme Katsay\u0131s\u0131\u00a0<\/b><strong>:<\/strong><\/td>\n<td><\/td>\n<\/tr>\n<tr>\n<td><b>Ah\u015fab\u0131n neme adaptasyon h\u0131z\u0131 <\/b><strong>:<\/strong><\/td>\n<td>&nbsp;<\/p>\n<div id=\"content\"><\/div>\n<\/td>\n<\/tr>\n<\/tbody>\n<\/table>\n<p><a href=\"#\" target=\"_blank\">[icon size=\"2x\" icon=\"file-pdf-o\"] Renk Katalogu indir &gt;&gt;<\/a><\/p>\n<p><a href=\"#\" target=\"_blank\">[icon size=\"2x\" icon=\"file-pdf-o\"] Teknik\u00a0Katalogu indir &gt;&gt;\u00a0<\/a><\/p>\n","protected":false},"featured_media":5970,"comment_status":"closed","ping_status":"closed","template":"","meta":[],"product_cat":[66],"product_tag":[],"aioseo_notices":[],"_links":{"self":[{"href":"https:\/\/burcuparke.com\/us\/wp-json\/wp\/v2\/product\/5969"}],"collection":[{"href":"https:\/\/burcuparke.com\/us\/wp-json\/wp\/v2\/product"}],"about":[{"href":"https:\/\/burcuparke.com\/us\/wp-json\/wp\/v2\/types\/product"}],"replies":[{"embeddable":true,"href":"https:\/\/burcuparke.com\/us\/wp-json\/wp\/v2\/comments?post=5969"}],"wp:featuredmedia":[{"embeddable":true,"href":"https:\/\/burcuparke.com\/us\/wp-json\/wp\/v2\/media\/5970"}],"wp:attachment":[{"href":"https:\/\/burcuparke.com\/us\/wp-json\/wp\/v2\/media?parent=5969"}],"wp:term":[{"taxonomy":"product_cat","embeddable":true,"href":"https:\/\/burcuparke.com\/us\/wp-json\/wp\/v2\/product_cat?post=5969"},{"taxonomy":"product_tag","embeddable":true,"href":"https:\/\/burcuparke.com\/us\/wp-json\/wp\/v2\/product_tag?post=5969"}],"curies":[{"name":"wp","href":"https:\/\/api.w.org\/{rel}","templated":true}]}}