{"id":5952,"date":"2016-03-29T10:36:06","date_gmt":"2016-03-29T07:36:06","guid":{"rendered":"http:\/\/burcuparke.com\/burcuparke\/urun\/iroko\/"},"modified":"2016-03-29T10:39:11","modified_gmt":"2016-03-29T07:39:11","slug":"iroko","status":"publish","type":"product","link":"https:\/\/burcuparke.com\/us\/urun\/iroko\/","title":{"rendered":"\u0130roko"},"content":{"rendered":"<p>[vc_row][vc_column][vc_column_text]<\/p>\n<div id=\"content\">\n<div class=\"product-info\">\n<div class=\"center\">\n<div class=\"description\">\n<p>\u0130roko<\/p>\n<\/div>\n<\/div>\n<\/div>\n<\/div>\n<p>[\/vc_column_text][\/vc_column][\/vc_row]<\/p>\n","protected":false},"excerpt":{"rendered":"<h3><strong>TEKN\u0130K\u00a0\u00d6ZELL\u0130KLER :<\/strong><\/h3>\n<table style=\"height: 344px;\" border=\"0\" width=\"637\">\n<tbody>\n<tr>\n<td><strong>Orijin :<\/strong><\/td>\n<td>\u00a0Gana,Nijerya ve Fildi\u015fi Sahilleri<\/td>\n<\/tr>\n<tr>\n<td>\u00a0<strong>Cinsi :<\/strong><\/td>\n<td>Lamine Parke<\/td>\n<\/tr>\n<tr>\n<td><b>Brinell-sertlik\u00a0<\/b><strong>:<\/strong><\/td>\n<td>\u00a032,0<\/td>\n<\/tr>\n<tr>\n<td><b>Genle\u015fme Katsay\u0131s\u0131\u00a0<\/b><strong>:<\/strong><\/td>\n<td>\u00a00,22<\/td>\n<\/tr>\n<tr>\n<td><b>Ah\u015fab\u0131n neme adaptasyon h\u0131z\u0131 <\/b><strong>:<\/strong><\/td>\n<td>\u00c7ok Yava\u015f. \u0130roko(Kambala) alt\u0131n\u0131ms\u0131-kahverengi bir renkten zamanla zeytinimsi-kahverengi bir renge d\u00f6n\u00fc\u015f\u00fcr. Mat bir \u0131\u015f\u0131lt\u0131s\u0131 vard\u0131r.Kesimi do\u011frultusunda g\u00f6zenekli bir yap\u0131s\u0131 vard\u0131r. Sertli\u011fi ve dayan\u0131kl\u0131l\u0131\u011f\u0131 ideal \u00f6l\u00e7\u00fclerdedir. Dekoratif bir a\u011fa\u00e7 olan iroko, me\u015feyle ayn\u0131 sertli\u011fe sahiptir.<\/td>\n<\/tr>\n<\/tbody>\n<\/table>\n<p><a href=\"#\" target=\"_blank\">[icon size=\"2x\" icon=\"file-pdf-o\"] Renk Katalogu indir &gt;&gt;<\/a><\/p>\n<p><a href=\"#\" target=\"_blank\">[icon size=\"2x\" icon=\"file-pdf-o\"] Teknik\u00a0Katalogu indir &gt;&gt;\u00a0<\/a><\/p>\n","protected":false},"featured_media":5953,"comment_status":"closed","ping_status":"closed","template":"","meta":[],"product_cat":[66],"product_tag":[],"aioseo_notices":[],"_links":{"self":[{"href":"https:\/\/burcuparke.com\/us\/wp-json\/wp\/v2\/product\/5952"}],"collection":[{"href":"https:\/\/burcuparke.com\/us\/wp-json\/wp\/v2\/product"}],"about":[{"href":"https:\/\/burcuparke.com\/us\/wp-json\/wp\/v2\/types\/product"}],"replies":[{"embeddable":true,"href":"https:\/\/burcuparke.com\/us\/wp-json\/wp\/v2\/comments?post=5952"}],"wp:featuredmedia":[{"embeddable":true,"href":"https:\/\/burcuparke.com\/us\/wp-json\/wp\/v2\/media\/5953"}],"wp:attachment":[{"href":"https:\/\/burcuparke.com\/us\/wp-json\/wp\/v2\/media?parent=5952"}],"wp:term":[{"taxonomy":"product_cat","embeddable":true,"href":"https:\/\/burcuparke.com\/us\/wp-json\/wp\/v2\/product_cat?post=5952"},{"taxonomy":"product_tag","embeddable":true,"href":"https:\/\/burcuparke.com\/us\/wp-json\/wp\/v2\/product_tag?post=5952"}],"curies":[{"name":"wp","href":"https:\/\/api.w.org\/{rel}","templated":true}]}}