{"id":5924,"date":"2016-03-29T09:20:18","date_gmt":"2016-03-29T06:20:18","guid":{"rendered":"http:\/\/burcuparke.com\/burcuparke\/urun\/ahsap-spor-sistemleri-fiba-onayli\/"},"modified":"2016-03-29T09:28:38","modified_gmt":"2016-03-29T06:28:38","slug":"ahsap-spor-sistemleri-fiba-onayli","status":"publish","type":"product","link":"https:\/\/burcuparke.com\/us\/urun\/ahsap-spor-sistemleri-fiba-onayli\/","title":{"rendered":"Ah\u015fap Spor Sistemleri-F\u0130BA ONAYLI"},"content":{"rendered":"<p>[vc_row][vc_column][vc_column_text]<strong>AH\u015eAP SPOR S\u0130STEMLER\u0130 TEKN\u0130K \u00d6ZELL\u0130KLER&#8212; F\u0130BA ONAYLI &#8212;<\/strong><\/p>\n<p>Tarkett MULTIFLEX (FIBA ONAYLI-DIN NORMLARINA UYGUN)<\/p>\n<p>(14mm 3st. Kay\u0131n veya Me\u015fe lamine parke, Tar glue, Tarflex, Tarfoam 1500 ve Tarfilm katmanlar\u0131ndan olu\u015fan sistemde, 3.6 mm y\u00fczey tabakas\u0131 kal\u0131nl\u0131\u011f\u0131na sahip,<\/p>\n<p>5 kat UV cila ve bir kat Tarkett patentli PROTECO koruyucu ile olmak \u00fczere 6 kat UV kurutmal\u0131 Cila ile\u00a0 kapl\u0131 Y\u00fcksek trafi\u011fe dayan\u0131kl\u0131 Tarkett Lamine Parkeleri kullan\u0131lmaktad\u0131r.<\/p>\n<p><strong><u>TARKETT MULTIFLEX TEKN\u0130K \u00d6ZELL\u0130KLER:<\/u><\/strong><\/p>\n<p>15 mm kal\u0131nl\u0131\u011f\u0131nda esnek darbe emici poli\u00fcretan \u015filte tabakas\u0131 \u00fcst\u00fcne y\u00fczer sistem olarak d\u00f6\u015fenen 9 mm kal\u0131nl\u0131kta \u00f6zel kesitli kontrplaklar\u0131n 14 mm kal\u0131nl\u0131\u011f\u0131nda 5 kat \u00f6zel cilal\u0131 veProteco y\u00fczey koruma cilas\u0131na sahip Lamine parke ile kaplanmas\u0131ndan olu\u015fan profesyonel b\u00f6lgesel elastik spor sistemidir.<\/p>\n<p>FIBA onay\u0131na sahip.<\/p>\n<p>DIN 18032-2 onay\u0131na sahip.<\/p>\n<p>Sitem toplam kal\u0131nl\u0131\u011f\u0131 \u00a0\u00a0\u00a0\u00a0\u00a0\u00a0\u00a0\u00a0\u00a0\u00a0\u00a0\u00a0\u00a0\u00a0\u00a0\u00a0\u00a0\u00a0 : 38 mm (+\/- 2 mm) (EN 428)<\/p>\n<p>Sitem toplam a\u011f\u0131rl\u0131\u011f\u0131\u00a0\u00a0\u00a0\u00a0\u00a0\u00a0\u00a0\u00a0\u00a0\u00a0\u00a0\u00a0\u00a0\u00a0\u00a0\u00a0\u00a0\u00a0\u00a0\u00a0 : 16.10 kg (EN 430)<\/p>\n<ul>\n<li>Kaymazl\u0131k De\u011feri \u00a0 \u00a0 \u00a0 \u00a0 \u00a0 \u00a0 \u00a0 \u00a0 \u00a0 \u00a0 \u00a0 \u00a0 \u00a0 \u00a0 : 84 (NF P 90106)<\/li>\n<li>\u015eok emme ve Bask\u0131 azaltma\u00a0\u00a0\u00a0\u00a0\u00a0\u00a0\u00a0\u00a0\u00a0\u00a0 : 33 G (NF P 90104), %52 (DIN 18032)<\/li>\n<li>Enerjiyi geri verme \u00a0 \u00a0 \u00a0 \u00a0 \u00a0 \u00a0 \u00a0 \u00a0 \u00a0 \u00a0 \u00a0 \u00a0 \u00a0 : 0.97 m\/s<\/li>\n<li>Top Sekmesi \u00a0 \u00a0 \u00a0 \u00a0 \u00a0 \u00a0 \u00a0 \u00a0 \u00a0 \u00a0 \u00a0 \u00a0 \u00a0 \u00a0 \u00a0 \u00a0 \u00a0 \u00a0 \u00a0 : % 98 (EN 12235)<\/li>\n<li>A\u015f\u0131nma \u00a0 \u00a0 \u00a0 \u00a0 \u00a0 \u00a0 \u00a0 \u00a0 \u00a0 \u00a0 \u00a0 \u00a0 \u00a0 \u00a0 \u00a0 \u00a0 \u00a0 \u00a0 \u00a0 \u00a0 \u00a0 \u00a0 \u00a0 \u00a0 : 0,06 mm (EN ISO 5470-1)<\/li>\n<li>Yang\u0131n Dayan\u0131m\u0131 \u00a0 \u00a0 \u00a0 \u00a0 \u00a0 \u00a0 \u00a0 \u00a0 \u00a0 \u00a0 \u00a0 \u00a0 \u00a0 \u00a0 \u00a0 \u00a0: Dfl-S1 (cilal\u0131) Cfl-S1 (cilas\u0131z)<\/li>\n<li>Formaldehit emisyonu \u00a0 \u00a0 \u00a0 \u00a0 \u00a0 \u00a0 \u00a0 \u00a0 \u00a0 \u00a0 \u00a0 : E1 (RN 717-1)<\/li>\n<li>\u00dcretici firma taraf\u0131ndan 5 y\u0131l garantili<\/li>\n<li>\u00dcst tabakas\u0131nda bulunan Lamine parke cila ve cila koruyucu Proteco i\u00e7erir. Lamine parke 3 \u015feritli kay\u0131n veya me\u015fe a\u011fac\u0131 ve her bir lamine parke 188\u00a0 mm geni\u015flikte, 2525\u00a0 mm boyunda olacakt\u0131r.<\/li>\n<li>Lamine parke 3.6 mm masif \u00fcst y\u00fczey tabakas\u0131na sahip olmal\u0131d\u0131r.<\/li>\n<li>\u00dcreticinin ISO 9001 QUALITY SISTEM ve ISO 14001 ENVIRONMENTAL MANAGEMENT SYSTEM (ISO Kalite ve ISO \u00c7evresel Koruma Sistemlerine Uyum Standartlar\u0131) sertifikalar\u0131 olacakt\u0131r.<\/li>\n<\/ul>\n<p><strong>AH\u015eAP SPOR S\u0130STEMLER\u0130 TEKN\u0130K \u00d6ZELL\u0130KLER<br \/>\n<\/strong>G\u0130ZZY Esnek Spor Sistemi&#8211;F\u0130BA ONAYI\u00a0 YOK<br \/>\n14mm 3st. Me\u015fe lamine parke, Esnek Poli\u00fcretan sosis tutkal, 9mm kontraplak, Poli\u00fcretan k\u00f6p\u00fck katmanlar\u0131ndan olu\u015fmaktad\u0131r.<br \/>\n3.2 mm y\u00fczey tabakas\u0131 kal\u0131nl\u0131\u011f\u0131na sahip,<br \/>\n6 Kat UV kurutmal\u0131 Bonax marka cila ile kapl\u0131, y\u00fcksek trafi\u011fe dayan\u0131kl\u0131 G\u0130ZZY\u00a0 \u00a0Lamine Parkeleri kullan\u0131lmaktad\u0131[\/vc_column_text][\/vc_column][\/vc_row]<\/p>\n","protected":false},"excerpt":{"rendered":"<h3><strong>TEKN\u0130K\u00a0\u00d6ZELL\u0130KLER :<\/strong><\/h3>\n<table style=\"height: 191px;\" border=\"0\" width=\"447\">\n<tbody>\n<tr>\n<td><strong>Stok Kodu :<\/strong><\/td>\n<td><\/td>\n<\/tr>\n<tr>\n<td>\u00a0<strong>Cinsi :<\/strong><\/td>\n<td>Spor Salonu<\/td>\n<\/tr>\n<tr>\n<td>\u00a0<strong>Rengi :<\/strong><\/td>\n<td><\/td>\n<\/tr>\n<tr>\n<td>\u00a0<strong>Kal\u0131nl\u0131\u011f\u0131 :<\/strong><\/td>\n<td><\/td>\n<\/tr>\n<\/tbody>\n<\/table>\n<p><a href=\"#\" target=\"_blank\">[icon size=\"2x\" icon=\"file-pdf-o\"] Renk Katalogu indir &gt;&gt;<\/a><\/p>\n<p><a href=\"#\" target=\"_blank\">[icon size=\"2x\" icon=\"file-pdf-o\"] Teknik\u00a0Katalogu indir &gt;&gt;\u00a0<\/a><\/p>\n","protected":false},"featured_media":5925,"comment_status":"closed","ping_status":"closed","template":"","meta":[],"product_cat":[86],"product_tag":[],"aioseo_notices":[],"_links":{"self":[{"href":"https:\/\/burcuparke.com\/us\/wp-json\/wp\/v2\/product\/5924"}],"collection":[{"href":"https:\/\/burcuparke.com\/us\/wp-json\/wp\/v2\/product"}],"about":[{"href":"https:\/\/burcuparke.com\/us\/wp-json\/wp\/v2\/types\/product"}],"replies":[{"embeddable":true,"href":"https:\/\/burcuparke.com\/us\/wp-json\/wp\/v2\/comments?post=5924"}],"wp:featuredmedia":[{"embeddable":true,"href":"https:\/\/burcuparke.com\/us\/wp-json\/wp\/v2\/media\/5925"}],"wp:attachment":[{"href":"https:\/\/burcuparke.com\/us\/wp-json\/wp\/v2\/media?parent=5924"}],"wp:term":[{"taxonomy":"product_cat","embeddable":true,"href":"https:\/\/burcuparke.com\/us\/wp-json\/wp\/v2\/product_cat?post=5924"},{"taxonomy":"product_tag","embeddable":true,"href":"https:\/\/burcuparke.com\/us\/wp-json\/wp\/v2\/product_tag?post=5924"}],"curies":[{"name":"wp","href":"https:\/\/api.w.org\/{rel}","templated":true}]}}