{"id":5649,"date":"2016-03-22T10:30:07","date_gmt":"2016-03-22T08:30:07","guid":{"rendered":"http:\/\/burcuparke.com\/burcuparke\/urun\/koyu-mese-lamine-parke\/"},"modified":"2016-03-22T10:45:07","modified_gmt":"2016-03-22T08:45:07","slug":"koyu-mese-lamine-parke","status":"publish","type":"product","link":"https:\/\/burcuparke.com\/us\/urun\/koyu-mese-lamine-parke\/","title":{"rendered":"Koyu Me\u015fe Lamine Parke"},"content":{"rendered":"<p>[vc_row][vc_column][vc_column_text]Masif parkelerde kullan\u0131lan en sert a\u011fa\u00e7lar\u00a0\u00a0ME\u015eE,\u00a0BAMBOO , MERBAU,VENGE ,AK\u00c7AAGA\u00c7 t\u0131r.<\/p>\n<p>Bunlar\u0131 s\u0131ras\u0131yla: di\u015fbudak, , hu\u015f ve k\u0131z\u0131l me\u015fe takip eder. Kiraz ve maun\u00a0 (SAPELL\u0130 ) daha yumu\u015fak ancak m\u00fckemmel g\u00f6r\u00fcnt\u00fc kaliteleriyle \u00e7ok sevilen a\u011fa\u00e7lard\u0131r.<\/p>\n<p>Yumu\u015fak bir a\u011fa\u00e7 olmas\u0131 sebebiyle \u00e7am \u00e7izilme ve ezilmelere kar\u015f\u0131 daha dayan\u0131ks\u0131zd\u0131r.Ancak ev kullan\u0131c\u0131lar\u0131n\u0131n unutmamas\u0131 gereken bir durum vard\u0131r.<\/p>\n<p>Malzemenin sertli\u011fi genelde evler i\u00e7in \u00e7ok b\u00fcy\u00fck bir \u00f6nem ta\u015f\u0131mamaktad\u0131r.Zira ev kullan\u0131mlar\u0131nda malzeme \u00fczerine binen y\u00fck genelde malzemeyi y\u0131prat\u0131p zedeleyecek oranda de\u011fildir.Ancak lokal y\u00fcklenmeler malzemeyi bozabilir.[\/vc_column_text][\/vc_column][\/vc_row]<\/p>\n","protected":false},"excerpt":{"rendered":"<h3><strong>TEKN\u0130K\u00a0\u00d6ZELL\u0130KLER :<\/strong><\/h3>\n<table style=\"height: 191px;\" border=\"0\" width=\"447\">\n<tbody>\n<tr>\n<td><strong>Stok Kodu :<\/strong><\/td>\n<td><\/td>\n<\/tr>\n<tr>\n<td>\u00a0<strong>Cinsi :<\/strong><\/td>\n<td>Masif Parke<\/td>\n<\/tr>\n<tr>\n<td>\u00a0<strong>Rengi :<\/strong><\/td>\n<td><\/td>\n<\/tr>\n<tr>\n<td>\u00a0<strong>Kal\u0131nl\u0131\u011f\u0131 :<\/strong><\/td>\n<td><\/td>\n<\/tr>\n<\/tbody>\n<\/table>\n<p><a href=\"#\" target=\"_blank\">[icon size=\"2x\" icon=\"file-pdf-o\"] Renk Katalogu indir &gt;&gt;<\/a><\/p>\n<p><a href=\"#\" target=\"_blank\">[icon size=\"2x\" icon=\"file-pdf-o\"] Teknik\u00a0Katalogu indir &gt;&gt;\u00a0<\/a><\/p>\n","protected":false},"featured_media":5650,"comment_status":"closed","ping_status":"closed","template":"","meta":[],"product_cat":[68],"product_tag":[],"aioseo_notices":[],"_links":{"self":[{"href":"https:\/\/burcuparke.com\/us\/wp-json\/wp\/v2\/product\/5649"}],"collection":[{"href":"https:\/\/burcuparke.com\/us\/wp-json\/wp\/v2\/product"}],"about":[{"href":"https:\/\/burcuparke.com\/us\/wp-json\/wp\/v2\/types\/product"}],"replies":[{"embeddable":true,"href":"https:\/\/burcuparke.com\/us\/wp-json\/wp\/v2\/comments?post=5649"}],"wp:featuredmedia":[{"embeddable":true,"href":"https:\/\/burcuparke.com\/us\/wp-json\/wp\/v2\/media\/5650"}],"wp:attachment":[{"href":"https:\/\/burcuparke.com\/us\/wp-json\/wp\/v2\/media?parent=5649"}],"wp:term":[{"taxonomy":"product_cat","embeddable":true,"href":"https:\/\/burcuparke.com\/us\/wp-json\/wp\/v2\/product_cat?post=5649"},{"taxonomy":"product_tag","embeddable":true,"href":"https:\/\/burcuparke.com\/us\/wp-json\/wp\/v2\/product_tag?post=5649"}],"curies":[{"name":"wp","href":"https:\/\/api.w.org\/{rel}","templated":true}]}}