{"id":5547,"date":"2016-03-20T22:58:07","date_gmt":"2016-03-20T20:58:07","guid":{"rendered":"http:\/\/burcuparke.com\/burcuparke\/urun\/kompozit-deck-pergola-1\/"},"modified":"2016-03-20T22:59:42","modified_gmt":"2016-03-20T20:59:42","slug":"kompozit-deck-pergola-1","status":"publish","type":"product","link":"https:\/\/burcuparke.com\/us\/urun\/kompozit-deck-pergola-1\/","title":{"rendered":"Kompozit Deck Pergola"},"content":{"rendered":"<p>[vc_row][vc_column][vc_column_text]Kompozit Deck Pergola[\/vc_column_text][\/vc_column][\/vc_row]<\/p>\n","protected":false},"excerpt":{"rendered":"<h3><strong>TEKN\u0130K\u00a0\u00d6ZELL\u0130KLER :<\/strong><\/h3>\n<table style=\"height: 191px;\" border=\"0\" width=\"447\">\n<tbody>\n<tr>\n<td><strong>Stok Kodu :<\/strong><\/td>\n<td><\/td>\n<\/tr>\n<tr>\n<td>\u00a0<strong>Cinsi :<\/strong><\/td>\n<td>Pergola<\/td>\n<\/tr>\n<tr>\n<td>\u00a0<strong>Rengi :<\/strong><\/td>\n<td><\/td>\n<\/tr>\n<tr>\n<td>\u00a0<strong>Kal\u0131nl\u0131\u011f\u0131 :<\/strong><\/td>\n<td><\/td>\n<\/tr>\n<\/tbody>\n<\/table>\n<p><a href=\"#\" target=\"_blank\">[icon size=\"2x\" icon=\"file-pdf-o\"] Renk Katalogu indir &gt;&gt;<\/a><\/p>\n<p><a href=\"#\" target=\"_blank\">[icon size=\"2x\" icon=\"file-pdf-o\"] Teknik\u00a0Katalogu indir &gt;&gt;\u00a0<\/a><\/p>\n","protected":false},"featured_media":5548,"comment_status":"closed","ping_status":"closed","template":"","meta":[],"product_cat":[87],"product_tag":[],"aioseo_notices":[],"_links":{"self":[{"href":"https:\/\/burcuparke.com\/us\/wp-json\/wp\/v2\/product\/5547"}],"collection":[{"href":"https:\/\/burcuparke.com\/us\/wp-json\/wp\/v2\/product"}],"about":[{"href":"https:\/\/burcuparke.com\/us\/wp-json\/wp\/v2\/types\/product"}],"replies":[{"embeddable":true,"href":"https:\/\/burcuparke.com\/us\/wp-json\/wp\/v2\/comments?post=5547"}],"wp:featuredmedia":[{"embeddable":true,"href":"https:\/\/burcuparke.com\/us\/wp-json\/wp\/v2\/media\/5548"}],"wp:attachment":[{"href":"https:\/\/burcuparke.com\/us\/wp-json\/wp\/v2\/media?parent=5547"}],"wp:term":[{"taxonomy":"product_cat","embeddable":true,"href":"https:\/\/burcuparke.com\/us\/wp-json\/wp\/v2\/product_cat?post=5547"},{"taxonomy":"product_tag","embeddable":true,"href":"https:\/\/burcuparke.com\/us\/wp-json\/wp\/v2\/product_tag?post=5547"}],"curies":[{"name":"wp","href":"https:\/\/api.w.org\/{rel}","templated":true}]}}