{"id":5378,"date":"2016-02-19T14:25:11","date_gmt":"2016-02-19T12:25:11","guid":{"rendered":"http:\/\/burcuparke.com\/burcuparke\/product\/150mm-karo-hali\/"},"modified":"2016-02-19T14:32:08","modified_gmt":"2016-02-19T12:32:08","slug":"150mm-karo-hali","status":"publish","type":"product","link":"https:\/\/burcuparke.com\/us\/urun\/150mm-karo-hali\/","title":{"rendered":"150mm Karo Hal\u0131"},"content":{"rendered":"<p>[vc_row][vc_column][vc_column_text]Ah\u015fap Masif Parke zemin d\u00f6\u015feme malzemeleri aras\u0131nda en \u00e7ok tercih edilen sa\u011fl\u0131kl\u0131 parke \u00e7e\u015fitlerinden biridir. Masif Parke, Uzun \u00f6m\u00fcrl\u00fc olmas\u0131, \u0131s\u0131 ve ses izalosyonu sa\u011flamas\u0131, sistre olabilmesinden dolay\u0131 g\u00fcn\u00fcm\u00fczde de s\u0131kl\u0131kla kullan\u0131lmaya devam etmektedir. Masif parke \u00fcretimi, dayan\u0131kl\u0131, uzun \u00f6m\u00fcrl\u00fc ve sert a\u011fa\u00e7lardan yap\u0131lmaktad\u0131r. Tamamiyle masif parke olmas\u0131 sebebiyle yerince \u00e7ok sistre pay\u0131 vard\u0131r bu sayede uzun seneler boyunca sa\u011fl\u0131kl\u0131 yap\u0131s\u0131n\u0131 ve ilk g\u00fcnk\u00fc g\u00f6r\u00fcn\u00fcm\u00fcn\u00fc korur. Masif Parke ile ilgili maliyet konusuna geldi\u011fimizde ise fabrika olmam\u0131z sebebiyle; uygun fiyatl\u0131 \u00fcr\u00fcnler, butik \u00fcr\u00fcnler, proje \u00fcr\u00fcnleri olarak bir \u00e7ok \u00fcr\u00fcn\u00fc m\u00fc\u015fterilerimize sunmaktay\u0131z. Bu ba\u011flamda laminant fiyat\u0131na bile masif parke alabilirsiniz veya lamine parke fiyatlar\u0131nda masif parke alabilirsiniz, bir \u00e7ok mek\u00e2n, konutlar, villalar, restorantlar, oteller, al\u0131\u015fveri\u015f merkezleri ve i\u015f yerleri i\u00e7in tercih sebebi olmaya devam etmektedir&#8230;[\/vc_column_text][\/vc_column][\/vc_row]<\/p>\n","protected":false},"excerpt":{"rendered":"<h3><strong>TEKN\u0130K\u00a0\u00d6ZELL\u0130KLER :<\/strong><\/h3>\n<table border=\"0\">\n<tbody>\n<tr>\n<td><strong>Stok Kodu :<\/strong><\/td>\n<td>LMN150<\/td>\n<\/tr>\n<tr>\n<td>\u00a0<strong>Cinsi :<\/strong><\/td>\n<td>\u00a0Natural Me\u015fe<\/td>\n<\/tr>\n<tr>\n<td>\u00a0<strong>Rengi :<\/strong><\/td>\n<td>\u00a0Me\u015fe, Koyu Me\u015fe<\/td>\n<\/tr>\n<tr>\n<td>\u00a0<strong>Kal\u0131nl\u0131\u011f\u0131 :<\/strong><\/td>\n<td>\u00a02mm<\/td>\n<\/tr>\n<\/tbody>\n<\/table>\n<p><a href=\"#\" target=\"_blank\">[icon size=\"2x\" icon=\"file-pdf-o\"] Renk Katalogu indir &gt;&gt;<\/a><\/p>\n<p><a href=\"#\" target=\"_blank\">[icon size=\"2x\" icon=\"file-pdf-o\"] Teknik\u00a0Katalogu indir &gt;&gt;\u00a0<\/a><\/p>\n","protected":false},"featured_media":5379,"comment_status":"closed","ping_status":"closed","template":"","meta":[],"product_cat":[83],"product_tag":[],"aioseo_notices":[],"_links":{"self":[{"href":"https:\/\/burcuparke.com\/us\/wp-json\/wp\/v2\/product\/5378"}],"collection":[{"href":"https:\/\/burcuparke.com\/us\/wp-json\/wp\/v2\/product"}],"about":[{"href":"https:\/\/burcuparke.com\/us\/wp-json\/wp\/v2\/types\/product"}],"replies":[{"embeddable":true,"href":"https:\/\/burcuparke.com\/us\/wp-json\/wp\/v2\/comments?post=5378"}],"wp:featuredmedia":[{"embeddable":true,"href":"https:\/\/burcuparke.com\/us\/wp-json\/wp\/v2\/media\/5379"}],"wp:attachment":[{"href":"https:\/\/burcuparke.com\/us\/wp-json\/wp\/v2\/media?parent=5378"}],"wp:term":[{"taxonomy":"product_cat","embeddable":true,"href":"https:\/\/burcuparke.com\/us\/wp-json\/wp\/v2\/product_cat?post=5378"},{"taxonomy":"product_tag","embeddable":true,"href":"https:\/\/burcuparke.com\/us\/wp-json\/wp\/v2\/product_tag?post=5378"}],"curies":[{"name":"wp","href":"https:\/\/api.w.org\/{rel}","templated":true}]}}